{"id":20942,"date":"2024-04-22T00:50:55","date_gmt":"2024-04-22T00:50:55","guid":{"rendered":"https:\/\/tibermx.com\/?page_id=20942"},"modified":"2025-03-30T00:30:14","modified_gmt":"2025-03-30T00:30:14","slug":"nosotros","status":"publish","type":"page","link":"https:\/\/tibermx.com\/index.php\/nosotros\/","title":{"rendered":"Nosotros"},"content":{"rendered":"\t\t<div data-elementor-type=\"wp-page\" data-elementor-id=\"20942\" class=\"elementor elementor-20942\">\n\t\t\t\t<div class=\"elementor-element elementor-element-ea3cea6 e-con-full e-flex e-con e-parent\" data-id=\"ea3cea6\" data-element_type=\"container\" data-e-type=\"container\" data-settings=\"{&quot;background_background&quot;:&quot;classic&quot;}\">\n\t\t<div class=\"elementor-element elementor-element-bd76e74 e-con-full e-flex e-con e-child\" data-id=\"bd76e74\" data-element_type=\"container\" data-e-type=\"container\">\n\t\t\t\t<div class=\"elementor-element elementor-element-f0e4ee8 elementor-widget elementor-widget-image\" data-id=\"f0e4ee8\" data-element_type=\"widget\" data-e-type=\"widget\" data-widget_type=\"image.default\">\n\t\t\t\t<div class=\"elementor-widget-container\">\n\t\t\t\t\t\t\t\t\t\t\t\t\t\t\t<img fetchpriority=\"high\" decoding=\"async\" width=\"1024\" height=\"252\" src=\"https:\/\/tibermx.com\/wp-content\/uploads\/2024\/03\/horizontal-tiber-blanco--1024x252.png\" class=\"attachment-large size-large wp-image-20867\" alt=\"\" srcset=\"https:\/\/tibermx.com\/wp-content\/uploads\/2024\/03\/horizontal-tiber-blanco--1024x252.png 1024w, https:\/\/tibermx.com\/wp-content\/uploads\/2024\/03\/horizontal-tiber-blanco--300x74.png 300w, https:\/\/tibermx.com\/wp-content\/uploads\/2024\/03\/horizontal-tiber-blanco--768x189.png 768w, https:\/\/tibermx.com\/wp-content\/uploads\/2024\/03\/horizontal-tiber-blanco--1536x378.png 1536w, https:\/\/tibermx.com\/wp-content\/uploads\/2024\/03\/horizontal-tiber-blanco--2048x505.png 2048w\" sizes=\"(max-width: 1024px) 100vw, 1024px\" \/>\t\t\t\t\t\t\t\t\t\t\t\t\t\t\t<\/div>\n\t\t\t\t<\/div>\n\t\t\t\t<div class=\"elementor-element elementor-element-481e4b0e elementor-invisible elementor-widget elementor-widget-text-editor\" data-id=\"481e4b0e\" data-element_type=\"widget\" data-e-type=\"widget\" data-settings=\"{&quot;_animation&quot;:&quot;fadeIn&quot;}\" data-widget_type=\"text-editor.default\">\n\t\t\t\t<div class=\"elementor-widget-container\">\n\t\t\t\t\t\t\t\t\t<p style=\"text-align: center;\">Ya sea que est\u00e9 buscando una propiedad en venta en el \u00e1rea Metropolitana de Guadalajara o una propiedad en alquiler, T\u00edber facilita la b\u00fasqueda. Utilice nuestra exclusiva funci\u00f3n de maps de geolocalizaci\u00f3n para localizar su villa, casa adosada o apartamento ideal y comun\u00edquese directamente con los propietarios. Te ayudaremos a encontrar la casa de tus sue\u00f1os en tan solo unos segundos.<\/p><p style=\"text-align: center;\">Ofrecemos a nuestros clientes una gran cantidad de conocimientos sobre todos los aspectos de la compra o venta de una casa. Ya sea ayud\u00e1ndolo a buscar la casa de sus sue\u00f1os, analizando nuevos desarrollos inmobiliarios en Guadalajara o ayud\u00e1ndolo con la venta de su propiedad, nos encantar\u00eda tener la oportunidad de ayudarlo. \u00a1Por favor, si\u00e9ntase libre de contactarnos con cualquier pregunta!<\/p>\t\t\t\t\t\t\t\t<\/div>\n\t\t\t\t<\/div>\n\t\t<div class=\"elementor-element elementor-element-1ce1c4c6 e-flex e-con-boxed e-con e-child\" data-id=\"1ce1c4c6\" data-element_type=\"container\" data-e-type=\"container\">\n\t\t\t\t\t<div class=\"e-con-inner\">\n\t\t\t\t<div class=\"elementor-element elementor-element-36348d6d elementor-align-left elementor-widget__width-auto elementor-mobile-align-center elementor-widget-mobile__width-inherit elementor-invisible elementor-widget elementor-widget-button\" data-id=\"36348d6d\" data-element_type=\"widget\" data-e-type=\"widget\" data-settings=\"{&quot;_animation&quot;:&quot;fadeIn&quot;}\" data-widget_type=\"button.default\">\n\t\t\t\t<div class=\"elementor-widget-container\">\n\t\t\t\t\t\t\t\t\t<div class=\"elementor-button-wrapper\">\n\t\t\t\t\t<a class=\"elementor-button elementor-button-link elementor-size-sm\" href=\"https:\/\/tibermx.com\/index.php\/contact-us-3\/\">\n\t\t\t\t\t\t<span class=\"elementor-button-content-wrapper\">\n\t\t\t\t\t\t\t\t\t<span class=\"elementor-button-text\">contactanos<\/span>\n\t\t\t\t\t<\/span>\n\t\t\t\t\t<\/a>\n\t\t\t\t<\/div>\n\t\t\t\t\t\t\t\t<\/div>\n\t\t\t\t<\/div>\n\t\t\t\t<div class=\"elementor-element elementor-element-74b90f97 elementor-align-left elementor-widget__width-auto elementor-mobile-align-center elementor-widget-mobile__width-inherit elementor-invisible elementor-widget elementor-widget-button\" data-id=\"74b90f97\" data-element_type=\"widget\" data-e-type=\"widget\" data-settings=\"{&quot;_animation&quot;:&quot;fadeIn&quot;}\" data-widget_type=\"button.default\">\n\t\t\t\t<div class=\"elementor-widget-container\">\n\t\t\t\t\t\t\t\t\t<div class=\"elementor-button-wrapper\">\n\t\t\t\t\t<a class=\"elementor-button elementor-button-link elementor-size-sm\" href=\"https:\/\/tibermx.com\/index.php\/half-map-properties-list\/\">\n\t\t\t\t\t\t<span class=\"elementor-button-content-wrapper\">\n\t\t\t\t\t\t\t\t\t<span class=\"elementor-button-text\">Buscar<\/span>\n\t\t\t\t\t<\/span>\n\t\t\t\t\t<\/a>\n\t\t\t\t<\/div>\n\t\t\t\t\t\t\t\t<\/div>\n\t\t\t\t<\/div>\n\t\t\t\t\t<\/div>\n\t\t\t\t<\/div>\n\t\t\t\t<div class=\"elementor-element elementor-element-568f2be5 elementor-invisible elementor-widget elementor-widget-heading\" data-id=\"568f2be5\" data-element_type=\"widget\" data-e-type=\"widget\" data-settings=\"{&quot;_animation&quot;:&quot;fadeIn&quot;}\" data-widget_type=\"heading.default\">\n\t\t\t\t<div class=\"elementor-widget-container\">\n\t\t\t\t\t<span class=\"elementor-heading-title elementor-size-default\">Tibermx<\/span>\t\t\t\t<\/div>\n\t\t\t\t<\/div>\n\t\t\t\t<\/div>\n\t\t<div class=\"elementor-element elementor-element-21c7784f e-con-full animated-slow e-flex elementor-invisible e-con e-child\" data-id=\"21c7784f\" data-element_type=\"container\" data-e-type=\"container\" data-settings=\"{&quot;background_background&quot;:&quot;video&quot;,&quot;animation&quot;:&quot;fadeInLeft&quot;,&quot;background_video_link&quot;:&quot;https:\\\/\\\/m.youtube.com\\\/shorts\\\/tOrd-tgPeqM&quot;}\">\n\t\t<div class=\"elementor-background-video-container elementor-hidden-mobile\">\n\t\t\t\t\t\t\t<div class=\"elementor-background-video-embed\" role=\"presentation\"><\/div>\n\t\t\t\t\t\t<\/div>\t\t<\/div>\n\t\t<div class=\"elementor-element elementor-element-52a56a6e e-con-full e-flex e-con e-child\" data-id=\"52a56a6e\" data-element_type=\"container\" data-e-type=\"container\">\n\t\t<div class=\"elementor-element elementor-element-12277223 animated-slow e-flex e-con-boxed elementor-invisible e-con e-child\" data-id=\"12277223\" data-element_type=\"container\" data-e-type=\"container\" data-settings=\"{&quot;background_background&quot;:&quot;video&quot;,&quot;animation&quot;:&quot;fadeInRight&quot;,&quot;background_video_link&quot;:&quot;https:\\\/\\\/m.youtube.com\\\/shorts\\\/8XTu1cOpNis&quot;}\">\n\t\t\t\t\t<div class=\"e-con-inner\">\n\t\t<div class=\"elementor-background-video-container elementor-hidden-mobile\">\n\t\t\t\t\t\t\t<div class=\"elementor-background-video-embed\" role=\"presentation\"><\/div>\n\t\t\t\t\t\t<\/div>\t\t\t<\/div>\n\t\t\t\t<\/div>\n\t\t<div class=\"elementor-element elementor-element-708229da animated-slow e-flex e-con-boxed elementor-invisible e-con e-child\" data-id=\"708229da\" data-element_type=\"container\" data-e-type=\"container\" data-settings=\"{&quot;background_background&quot;:&quot;video&quot;,&quot;animation&quot;:&quot;fadeInRight&quot;,&quot;background_video_link&quot;:&quot;https:\\\/\\\/m.youtube.com\\\/shorts\\\/cXNwvLc3hws&quot;}\">\n\t\t\t\t\t<div class=\"e-con-inner\">\n\t\t<div class=\"elementor-background-video-container elementor-hidden-mobile\">\n\t\t\t\t\t\t\t<div class=\"elementor-background-video-embed\" role=\"presentation\"><\/div>\n\t\t\t\t\t\t<\/div>\t\t\t<\/div>\n\t\t\t\t<\/div>\n\t\t\t\t<\/div>\n\t\t\t\t<\/div>\n\t\t\t\t<\/div>\n\t\t","protected":false},"excerpt":{"rendered":"<p>Ya sea que est\u00e9 buscando una propiedad en venta en el \u00e1rea Metropolitana de Guadalajara o una propiedad en alquiler, T\u00edber facilita la b\u00fasqueda. Utilice nuestra exclusiva funci\u00f3n de maps de geolocalizaci\u00f3n para localizar su villa, casa adosada o apartamento ideal y comun\u00edquese directamente con los propietarios. Te ayudaremos a encontrar la casa de tus sue\u00f1os en tan solo unos segundos. Ofrecemos a nuestros &#8230;<\/p>\n","protected":false},"author":1,"featured_media":20866,"parent":0,"menu_order":0,"comment_status":"closed","ping_status":"closed","template":"elementor_header_footer","meta":{"inline_featured_image":false,"_uf_show_specific_survey":0,"_uf_disable_surveys":false,"footnotes":""},"class_list":["post-20942","page","type-page","status-publish","has-post-thumbnail","hentry"],"_links":{"self":[{"href":"https:\/\/tibermx.com\/index.php\/wp-json\/wp\/v2\/pages\/20942","targetHints":{"allow":["GET"]}}],"collection":[{"href":"https:\/\/tibermx.com\/index.php\/wp-json\/wp\/v2\/pages"}],"about":[{"href":"https:\/\/tibermx.com\/index.php\/wp-json\/wp\/v2\/types\/page"}],"author":[{"embeddable":true,"href":"https:\/\/tibermx.com\/index.php\/wp-json\/wp\/v2\/users\/1"}],"replies":[{"embeddable":true,"href":"https:\/\/tibermx.com\/index.php\/wp-json\/wp\/v2\/comments?post=20942"}],"version-history":[{"count":28,"href":"https:\/\/tibermx.com\/index.php\/wp-json\/wp\/v2\/pages\/20942\/revisions"}],"predecessor-version":[{"id":21216,"href":"https:\/\/tibermx.com\/index.php\/wp-json\/wp\/v2\/pages\/20942\/revisions\/21216"}],"wp:featuredmedia":[{"embeddable":true,"href":"https:\/\/tibermx.com\/index.php\/wp-json\/wp\/v2\/media\/20866"}],"wp:attachment":[{"href":"https:\/\/tibermx.com\/index.php\/wp-json\/wp\/v2\/media?parent=20942"}],"curies":[{"name":"wp","href":"https:\/\/api.w.org\/{rel}","templated":true}]}}